{"id":9574,"date":"2024-08-07T12:59:48","date_gmt":"2024-08-07T10:59:48","guid":{"rendered":"https:\/\/www.velektronik.de\/?page_id=9574"},"modified":"2025-12-10T17:47:20","modified_gmt":"2025-12-10T16:47:20","slug":"fachgruppe-velektronik","status":"publish","type":"page","link":"https:\/\/www.velektronik.de\/en\/","title":{"rendered":""},"content":{"rendered":"\n<p><\/p>\n\n\n\n<p>Die Fachgruppe \u201eVertrauensw\u00fcrdige Elektronik\u201c im Verband der Elektrotechnik, Elektronik und Informationstechnik (VDE) ist eine Gemeinschaft von Forschenden und Interessierten aus Forschungsinstituten, Hochschulen und der Industrie. Gegr\u00fcndet im Jahr 2024 von Prof. Dr. Georg Sigl, Fraunhofer AISEC, und Dr. Detlef Houdeau, Infineon, entstand die Gruppe aus dem Plattform-Projekt Velektronik und ist zentraler Anlaufpunkt f\u00fcr vertrauensw\u00fcrdige Elektronik in Deutschland. Im November 2025 \u00fcbernahm Dr. Rainer Falk, Siemens AG, das Sprecheramt von Dr. Detlef Houdeau und bildet seither gemeinsam mit Prof. Dr. Georg Sigl die Doppelspitze der Fachgruppe.<\/p>\n\n\n\n<p>Die Fachgruppe versteht sich als Plattform, die verschiedene Wirtschaftssektoren horizontal vernetzt, um gemeinsam das Thema vertrauensw\u00fcrdige Elektronik voranzutreiben. Besonderes Augenmerk liegt auf den Branchen Automotive, Medizintechnik, KRITIS, IoT, Maschinenbau und Industrietechnik. Dar\u00fcber hinaus richtet sich die Fachgruppe an die Bereiche Telekommunikations-\u00d6kosysteme, Finanzdienstleistungen, Energienetze, Luft- und Raumfahrt sowie Smart Cities und Smart Home\/Building.<\/p>\n\n\n\n<p>Die Fachgruppe trifft sich monatlich virtuell und einmal j\u00e4hrlich im gr\u00f6\u00dferen Rahmen bei der Veranstaltung \u201eTage der vertrauensw\u00fcrdigen Elektronik\u201c. Sie ist eine Fachgruppe des <a href=\"https:\/\/www.vde.com\/de\/itg\/arbeitsgebiete\/fb8-mikroelektronik\">VDE ITG-Fachbereichs Mikro- und Nanoelektronik<\/a> und eine Arbeitsgruppe des Netzwerks <a href=\"https:\/\/www.chipdesign-germany.de\/de\/workgroups\/trusted-electronics\/\">Chipdesign Germany<\/a>. <\/p>\n\n\n\n<h2 class=\"wp-block-heading\">Unsere Ziele<\/h2>\n\n\n\n<ul class=\"wp-block-list\">\n<li>Informationsaustausch in der Fachgruppe zu neuen Erkenntnissen aus der Forschung<\/li>\n\n\n\n<li>Definition und Austausch von Best Practise zwischen Hochschulen, Forschungsinstituten, Industrie, Beh\u00f6rden, Pr\u00fcflaboren und Distributoren<\/li>\n\n\n\n<li>Beobachtung der Entwicklung neuer gesetzlicher Vorschriften f\u00fcr sichere Produktion (z.B. NIS2) und sichere Produkte (z.B. CRA)<\/li>\n\n\n\n<li>Beobachtung der internationalen relevanten Standardisierung f\u00fcr vertrauensw\u00fcrdige Elektronik<\/li>\n\n\n\n<li>Analyse und Diskussion zu neuen Vorf\u00e4llen im Bereich vertrauensw\u00fcrdige Elektronik<\/li>\n\n\n\n<li>Fachbeitr\u00e4ge auf Messen und Konferenzen<\/li>\n\n\n\n<li>Ableitung neuer Forschungsbedarfe und Projekte aus den Erkenntnissen der oberen Punkte<\/li>\n<\/ul>\n\n\n\n<h2 class=\"wp-block-heading\">Wie wird man ein Mitglied?<\/h2>\n\n\n\n<p>Um der Fachgruppe beizutreten, sollte man Interesse am Thema vertrauensw\u00fcrdige Elektronik und am Wissensaustausch mit den Mitgliedern haben. Bei Interesse schreiben Sie bitte eine E-Mail an die Sprecher der Fachgruppe.<\/p>\n\n\n\n<div class=\"wp-block-buttons is-content-justification-center is-layout-flex wp-container-core-buttons-is-layout-16018d1d wp-block-buttons-is-layout-flex\">\n<div class=\"wp-block-button is-style-fill\"><a class=\"wp-block-button__link has-background has-text-align-center wp-element-button\" href=\"mailto:fg-velektronik-kontakt@fraunhofer.de?subject=[FG-Velektronik Mitgliedschaft] Interesse an der Teilnahme an der VDE-Fachgruppe f\u00fcr Vertrauensw\u00fcrdige Elektronik&amp;body=Sehr geehrte Sprecher der Fachgruppe Velektronik,%0D%0A%0D%0Aich m\u00f6chte hiermit mein Interesse bekunden, Mitglied der VDE-Fachgruppe f\u00fcr Vertrauensw\u00fcrdige Elektronik zu werden.%0D%0AName:%0D%0AKontaktinformationen:%0D%0ABeruflicher Hintergrund:%0D%0AIch erkl\u00e4re mich au\u00dferdem damit einverstanden, dass meine Kontaktinformationen in verschl\u00fcsselter Form zur Betreuung der Fachgruppe an das VDE weitergeleitet werden d\u00fcrfen.%0D%0A%0D%0AMit freundlichen Gr\u00fc\u00dfen,%0D%0A%0D%0A\" style=\"background-color:#179c7d\"><strong>Mitglied werden!<\/strong><\/a><\/div>\n<\/div>\n\n\n\n<p><\/p>\n\n\n\n<p>Es f\u00e4llt keine Mitgliedsgeb\u00fchr an und es bestehen auch keine sonstigen Voraussetzungen, um Mitglied zu werden. Neue Mitglieder stellen sich regelm\u00e4\u00dfig bei den Treffen der Fachgruppe vor.<\/p>\n\n\n\n<p>Die Fachgruppe umfasst verschiedene Bereiche wie Industrie, Forschung, Hochschulen, Lehre, Pr\u00fcflabore und Distribution\/H\u00e4ndler. Ein besonderer Schwerpunkt liegt dabei auf der Einbeziehung der Industrie, insbesondere des Mittelstands.<\/p>\n\n\n\n<h2 class=\"wp-block-heading\">Teilnahme an den Treffen<\/h2>\n\n\n\n<p>Die Teilnahme ist freiwillig. Jeder tr\u00e4gt seine eigenen Reise- und \u00dcbernachtungskosten.<\/p>\n\n\n\n<h2 class=\"wp-block-heading\">Wann finden die Treffen statt?<\/h2>\n\n\n\n<p>Die Fachgruppentreffen finden monatlich virtuell statt, sowie einmal im Jahr im Rahmen der \u201eTage der vertrauensw\u00fcrdigen Elektronik\u201c. Die <a href=\"https:\/\/www.velektronik.de\/en\/tage-der-vertrauenswuerdigen-elektronik-2025\/\">vierten Tage der vertrauensw\u00fcrdigen Elektronik (TdvE)<\/a> finden in diesem Jahr am&nbsp;<strong>29. und 30. Oktober 2025 in Essen<\/strong>&nbsp;statt und nehmen Fragestellungen aus dem Mittelstand in den Blick.<\/p>\n\n\n\n<h2 class=\"wp-block-heading\">Standardagenda der Treffen<\/h2>\n\n\n\n<ul class=\"wp-block-list\">\n<li>Vorstellung neuer Mitglieder<\/li>\n\n\n\n<li>Update aus der Forschung und Technologie<\/li>\n\n\n\n<li>Update aus der Standardisierung<\/li>\n\n\n\n<li>Update aus der Regulierung<\/li>\n\n\n\n<li>Update zu BMBF und EU Calls<\/li>\n\n\n\n<li>Gastbeitr\u00e4ge<\/li>\n\n\n\n<li>Sonstiges<\/li>\n<\/ul>\n\n\n\n<p><\/p>\n","protected":false},"excerpt":{"rendered":"<p>Die Fachgruppe \u201eVertrauensw\u00fcrdige Elektronik\u201c im Verband der Elektrotechnik, Elektronik und Informationstechnik (VDE) ist eine Gemeinschaft von Forschenden und Interessierten aus Forschungsinstituten, Hochschulen und der Industrie. Gegr\u00fcndet im Jahr 2024 von Prof. Dr. Georg Sigl, Fraunhofer AISEC, und Dr. Detlef Houdeau,&#8230;<\/p>","protected":false},"author":15,"featured_media":0,"parent":0,"menu_order":0,"comment_status":"closed","ping_status":"closed","template":"","meta":{"_acf_changed":false,"footnotes":""},"class_list":["post-9574","page","type-page","status-publish","hentry"],"acf":[],"yoast_head":"<!-- This site is optimized with the Yoast SEO plugin v27.3 - https:\/\/yoast.com\/product\/yoast-seo-wordpress\/ -->\n<title>- Velektronik<\/title>\n<meta name=\"robots\" content=\"index, follow, max-snippet:-1, max-image-preview:large, max-video-preview:-1\" \/>\n<link rel=\"canonical\" href=\"https:\/\/www.velektronik.de\/en\/\" \/>\n<meta property=\"og:locale\" content=\"en_GB\" \/>\n<meta property=\"og:type\" content=\"article\" \/>\n<meta property=\"og:title\" content=\"- Velektronik\" \/>\n<meta property=\"og:description\" content=\"Die Fachgruppe \u201eVertrauensw\u00fcrdige Elektronik\u201c im Verband der Elektrotechnik, Elektronik und Informationstechnik (VDE) ist eine Gemeinschaft von Forschenden und Interessierten aus Forschungsinstituten, Hochschulen und der Industrie. Gegr\u00fcndet im Jahr 2024 von Prof. Dr. Georg Sigl, Fraunhofer AISEC, und Dr. Detlef Houdeau,...\" \/>\n<meta property=\"og:url\" content=\"https:\/\/www.velektronik.de\/en\/\" \/>\n<meta property=\"og:site_name\" content=\"Velektronik\" \/>\n<meta property=\"article:modified_time\" content=\"2025-12-10T16:47:20+00:00\" \/>\n<meta name=\"twitter:card\" content=\"summary_large_image\" \/>\n<meta name=\"twitter:label1\" content=\"Estimated reading time\" \/>\n\t<meta name=\"twitter:data1\" content=\"3 minutes\" \/>\n<script type=\"application\/ld+json\" class=\"yoast-schema-graph\">{\"@context\":\"https:\\\/\\\/schema.org\",\"@graph\":[{\"@type\":\"WebPage\",\"@id\":\"https:\\\/\\\/www.velektronik.de\\\/\",\"url\":\"https:\\\/\\\/www.velektronik.de\\\/\",\"name\":\"- Velektronik\",\"isPartOf\":{\"@id\":\"https:\\\/\\\/www.velektronik.de\\\/#website\"},\"datePublished\":\"2024-08-07T10:59:48+00:00\",\"dateModified\":\"2025-12-10T16:47:20+00:00\",\"inLanguage\":\"en-GB\",\"potentialAction\":[{\"@type\":\"ReadAction\",\"target\":[\"https:\\\/\\\/www.velektronik.de\\\/\"]}]},{\"@type\":\"WebSite\",\"@id\":\"https:\\\/\\\/www.velektronik.de\\\/#website\",\"url\":\"https:\\\/\\\/www.velektronik.de\\\/\",\"name\":\"Velektronik\",\"description\":\"Vertrauensw\u00fcrdige Elektronik\",\"publisher\":{\"@id\":\"https:\\\/\\\/www.velektronik.de\\\/#organization\"},\"potentialAction\":[{\"@type\":\"SearchAction\",\"target\":{\"@type\":\"EntryPoint\",\"urlTemplate\":\"https:\\\/\\\/www.velektronik.de\\\/?s={search_term_string}\"},\"query-input\":{\"@type\":\"PropertyValueSpecification\",\"valueRequired\":true,\"valueName\":\"search_term_string\"}}],\"inLanguage\":\"en-GB\"},{\"@type\":\"Organization\",\"@id\":\"https:\\\/\\\/www.velektronik.de\\\/#organization\",\"name\":\"Velektronik\",\"url\":\"https:\\\/\\\/www.velektronik.de\\\/\",\"logo\":{\"@type\":\"ImageObject\",\"inLanguage\":\"en-GB\",\"@id\":\"https:\\\/\\\/www.velektronik.de\\\/#\\\/schema\\\/logo\\\/image\\\/\",\"url\":\"https:\\\/\\\/www.velektronik.de\\\/wp-content\\\/uploads\\\/2021\\\/03\\\/velektronik_logo_rgb.png\",\"contentUrl\":\"https:\\\/\\\/www.velektronik.de\\\/wp-content\\\/uploads\\\/2021\\\/03\\\/velektronik_logo_rgb.png\",\"width\":1000,\"height\":284,\"caption\":\"Velektronik\"},\"image\":{\"@id\":\"https:\\\/\\\/www.velektronik.de\\\/#\\\/schema\\\/logo\\\/image\\\/\"}}]}<\/script>\n<!-- \/ Yoast SEO plugin. -->","yoast_head_json":{"title":"- Velektronik","robots":{"index":"index","follow":"follow","max-snippet":"max-snippet:-1","max-image-preview":"max-image-preview:large","max-video-preview":"max-video-preview:-1"},"canonical":"https:\/\/www.velektronik.de\/en\/","og_locale":"en_GB","og_type":"article","og_title":"- Velektronik","og_description":"Die Fachgruppe \u201eVertrauensw\u00fcrdige Elektronik\u201c im Verband der Elektrotechnik, Elektronik und Informationstechnik (VDE) ist eine Gemeinschaft von Forschenden und Interessierten aus Forschungsinstituten, Hochschulen und der Industrie. Gegr\u00fcndet im Jahr 2024 von Prof. Dr. Georg Sigl, Fraunhofer AISEC, und Dr. Detlef Houdeau,...","og_url":"https:\/\/www.velektronik.de\/en\/","og_site_name":"Velektronik","article_modified_time":"2025-12-10T16:47:20+00:00","twitter_card":"summary_large_image","twitter_misc":{"Estimated reading time":"3 minutes"},"schema":{"@context":"https:\/\/schema.org","@graph":[{"@type":"WebPage","@id":"https:\/\/www.velektronik.de\/","url":"https:\/\/www.velektronik.de\/","name":"- Velektronik","isPartOf":{"@id":"https:\/\/www.velektronik.de\/#website"},"datePublished":"2024-08-07T10:59:48+00:00","dateModified":"2025-12-10T16:47:20+00:00","inLanguage":"en-GB","potentialAction":[{"@type":"ReadAction","target":["https:\/\/www.velektronik.de\/"]}]},{"@type":"WebSite","@id":"https:\/\/www.velektronik.de\/#website","url":"https:\/\/www.velektronik.de\/","name":"Velektronik","description":"Trusted Electronics","publisher":{"@id":"https:\/\/www.velektronik.de\/#organization"},"potentialAction":[{"@type":"SearchAction","target":{"@type":"EntryPoint","urlTemplate":"https:\/\/www.velektronik.de\/?s={search_term_string}"},"query-input":{"@type":"PropertyValueSpecification","valueRequired":true,"valueName":"search_term_string"}}],"inLanguage":"en-GB"},{"@type":"Organization","@id":"https:\/\/www.velektronik.de\/#organization","name":"Velektronik","url":"https:\/\/www.velektronik.de\/","logo":{"@type":"ImageObject","inLanguage":"en-GB","@id":"https:\/\/www.velektronik.de\/#\/schema\/logo\/image\/","url":"https:\/\/www.velektronik.de\/wp-content\/uploads\/2021\/03\/velektronik_logo_rgb.png","contentUrl":"https:\/\/www.velektronik.de\/wp-content\/uploads\/2021\/03\/velektronik_logo_rgb.png","width":1000,"height":284,"caption":"Velektronik"},"image":{"@id":"https:\/\/www.velektronik.de\/#\/schema\/logo\/image\/"}}]}},"_links":{"self":[{"href":"https:\/\/www.velektronik.de\/en\/wp-json\/wp\/v2\/pages\/9574","targetHints":{"allow":["GET"]}}],"collection":[{"href":"https:\/\/www.velektronik.de\/en\/wp-json\/wp\/v2\/pages"}],"about":[{"href":"https:\/\/www.velektronik.de\/en\/wp-json\/wp\/v2\/types\/page"}],"author":[{"embeddable":true,"href":"https:\/\/www.velektronik.de\/en\/wp-json\/wp\/v2\/users\/15"}],"replies":[{"embeddable":true,"href":"https:\/\/www.velektronik.de\/en\/wp-json\/wp\/v2\/comments?post=9574"}],"version-history":[{"count":35,"href":"https:\/\/www.velektronik.de\/en\/wp-json\/wp\/v2\/pages\/9574\/revisions"}],"predecessor-version":[{"id":11111,"href":"https:\/\/www.velektronik.de\/en\/wp-json\/wp\/v2\/pages\/9574\/revisions\/11111"}],"wp:attachment":[{"href":"https:\/\/www.velektronik.de\/en\/wp-json\/wp\/v2\/media?parent=9574"}],"curies":[{"name":"wp","href":"https:\/\/api.w.org\/{rel}","templated":true}]}}