{"id":7282,"date":"2023-03-21T13:06:32","date_gmt":"2023-03-21T12:06:32","guid":{"rendered":"https:\/\/www.velektronik.de\/?page_id=7282"},"modified":"2024-06-26T13:57:29","modified_gmt":"2024-06-26T11:57:29","slug":"velektronik-fertigung","status":"publish","type":"page","link":"https:\/\/www.velektronik.de\/en\/velektronik-fertigung\/","title":{"rendered":"Manufacturing"},"content":{"rendered":"<div class=\"wp-block-media-text alignwide is-stacked-on-mobile is-vertically-aligned-center\" style=\"grid-template-columns:51% auto\"><figure class=\"wp-block-media-text__media\"><img loading=\"lazy\" decoding=\"async\" width=\"698\" height=\"486\" src=\"https:\/\/www.velektronik.de\/wp-content\/uploads\/2023\/06\/velektronik-fertigung-fmd-698x486.jpg\" alt=\"\" class=\"wp-image-7776 size-full\" srcset=\"https:\/\/www.velektronik.de\/wp-content\/uploads\/2023\/06\/velektronik-fertigung-fmd-698x486.jpg 698w, https:\/\/www.velektronik.de\/wp-content\/uploads\/2023\/06\/velektronik-fertigung-fmd-400x278.jpg 400w, https:\/\/www.velektronik.de\/wp-content\/uploads\/2023\/06\/velektronik-fertigung-fmd-768x534.jpg 768w, https:\/\/www.velektronik.de\/wp-content\/uploads\/2023\/06\/velektronik-fertigung-fmd-18x12.jpg 18w, https:\/\/www.velektronik.de\/wp-content\/uploads\/2023\/06\/velektronik-fertigung-fmd.jpg 907w\" sizes=\"auto, (max-width: 698px) 100vw, 698px\" \/><\/figure><div class=\"wp-block-media-text__content\">\n<h3 class=\"wp-block-heading\">Current research topics<\/h3>\n\n\n\n<ul class=\"wp-block-list\">\n<li>Evaluation of low-cost heterointegration with low-threshold access<\/li>\n\n\n\n<li>Networking in the area of manufacturing<\/li>\n\n\n\n<li>Community workshops<\/li>\n\n\n\n<li>Exchange with the Industry Advisory Board to ensure relevance<\/li>\n\n\n\n<li>Hardening mechanisms against optical attacks<\/li>\n\n\n\n<li>Lito-based identification features: M1 + plastic<\/li>\n<\/ul>\n<\/div><\/div>\n\n\n\n<p><\/p>\n\n\n\n<p>Contact person: Norbert Herfurth, Leibniz Institute for High Performance Microelectronics (IHP). <\/p>\n\n\n\n<div class=\"wp-block-buttons has-custom-font-size has-small-font-size is-content-justification-left is-layout-flex wp-container-core-buttons-is-layout-fdcfc74e wp-block-buttons-is-layout-flex\">\n<div class=\"wp-block-button is-style-fill\"><a class=\"wp-block-button__link has-background wp-element-button\" href=\"mailto:herfurth@ihp-microelectronics.com\" style=\"background-color:#009374\" target=\"_blank\" rel=\"noreferrer noopener\">Contact<\/a><\/div>\n<\/div>","protected":false},"excerpt":{"rendered":"<p>Contact person: Norbert Herfurth, Leibniz Institute for High Performance Microelectronics (IHP).<\/p>","protected":false},"author":10,"featured_media":0,"parent":0,"menu_order":0,"comment_status":"closed","ping_status":"closed","template":"page-fullwidth.php","meta":{"_acf_changed":false,"footnotes":""},"class_list":["post-7282","page","type-page","status-publish","hentry"],"acf":[],"yoast_head":"<!-- This site is optimized with the Yoast SEO plugin v27.5 - https:\/\/yoast.com\/product\/yoast-seo-wordpress\/ -->\n<title>Fertigung<\/title>\n<meta name=\"description\" content=\"Aktuelle Forschungsthemen in der Fertigung von vertrauensw\u00fcrdiger Elektronik und innovative Ans\u00e4tze f\u00fcr Sicherheit in der Mikroelektronikproduktion.\" \/>\n<meta name=\"robots\" content=\"index, follow, max-snippet:-1, max-image-preview:large, max-video-preview:-1\" \/>\n<link rel=\"canonical\" href=\"https:\/\/www.velektronik.de\/en\/velektronik-fertigung\/\" \/>\n<meta property=\"og:locale\" content=\"en_GB\" \/>\n<meta property=\"og:type\" content=\"article\" \/>\n<meta property=\"og:title\" content=\"Fertigung\" \/>\n<meta property=\"og:description\" content=\"Aktuelle Forschungsthemen in der Fertigung von vertrauensw\u00fcrdiger Elektronik und innovative Ans\u00e4tze f\u00fcr Sicherheit in der Mikroelektronikproduktion.\" \/>\n<meta property=\"og:url\" content=\"https:\/\/www.velektronik.de\/en\/velektronik-fertigung\/\" \/>\n<meta property=\"og:site_name\" content=\"Velektronik\" \/>\n<meta property=\"article:modified_time\" content=\"2024-06-26T11:57:29+00:00\" \/>\n<meta property=\"og:image\" content=\"https:\/\/www.velektronik.de\/wp-content\/uploads\/2023\/06\/velektronik-fertigung-fmd-698x486.jpg\" \/>\n<meta name=\"twitter:card\" content=\"summary_large_image\" \/>\n<meta name=\"twitter:label1\" content=\"Estimated reading time\" \/>\n\t<meta name=\"twitter:data1\" content=\"1 minute\" \/>\n<script type=\"application\/ld+json\" class=\"yoast-schema-graph\">{\"@context\":\"https:\\\/\\\/schema.org\",\"@graph\":[{\"@type\":\"WebPage\",\"@id\":\"https:\\\/\\\/www.velektronik.de\\\/velektronik-fertigung\\\/\",\"url\":\"https:\\\/\\\/www.velektronik.de\\\/velektronik-fertigung\\\/\",\"name\":\"Fertigung\",\"isPartOf\":{\"@id\":\"https:\\\/\\\/www.velektronik.de\\\/#website\"},\"primaryImageOfPage\":{\"@id\":\"https:\\\/\\\/www.velektronik.de\\\/velektronik-fertigung\\\/#primaryimage\"},\"image\":{\"@id\":\"https:\\\/\\\/www.velektronik.de\\\/velektronik-fertigung\\\/#primaryimage\"},\"thumbnailUrl\":\"https:\\\/\\\/www.velektronik.de\\\/wp-content\\\/uploads\\\/2023\\\/06\\\/velektronik-fertigung-fmd-698x486.jpg\",\"datePublished\":\"2023-03-21T12:06:32+00:00\",\"dateModified\":\"2024-06-26T11:57:29+00:00\",\"description\":\"Aktuelle Forschungsthemen in der Fertigung von vertrauensw\u00fcrdiger Elektronik und innovative Ans\u00e4tze f\u00fcr Sicherheit in der Mikroelektronikproduktion.\",\"breadcrumb\":{\"@id\":\"https:\\\/\\\/www.velektronik.de\\\/velektronik-fertigung\\\/#breadcrumb\"},\"inLanguage\":\"en-GB\",\"potentialAction\":[{\"@type\":\"ReadAction\",\"target\":[\"https:\\\/\\\/www.velektronik.de\\\/velektronik-fertigung\\\/\"]}]},{\"@type\":\"ImageObject\",\"inLanguage\":\"en-GB\",\"@id\":\"https:\\\/\\\/www.velektronik.de\\\/velektronik-fertigung\\\/#primaryimage\",\"url\":\"https:\\\/\\\/www.velektronik.de\\\/wp-content\\\/uploads\\\/2023\\\/06\\\/velektronik-fertigung-fmd-698x486.jpg\",\"contentUrl\":\"https:\\\/\\\/www.velektronik.de\\\/wp-content\\\/uploads\\\/2023\\\/06\\\/velektronik-fertigung-fmd-698x486.jpg\"},{\"@type\":\"BreadcrumbList\",\"@id\":\"https:\\\/\\\/www.velektronik.de\\\/velektronik-fertigung\\\/#breadcrumb\",\"itemListElement\":[{\"@type\":\"ListItem\",\"position\":1,\"name\":\"Startseite\",\"item\":\"https:\\\/\\\/www.velektronik.de\\\/\"},{\"@type\":\"ListItem\",\"position\":2,\"name\":\"Fertigung\"}]},{\"@type\":\"WebSite\",\"@id\":\"https:\\\/\\\/www.velektronik.de\\\/#website\",\"url\":\"https:\\\/\\\/www.velektronik.de\\\/\",\"name\":\"Velektronik\",\"description\":\"Vertrauensw\u00fcrdige Elektronik\",\"publisher\":{\"@id\":\"https:\\\/\\\/www.velektronik.de\\\/#organization\"},\"potentialAction\":[{\"@type\":\"SearchAction\",\"target\":{\"@type\":\"EntryPoint\",\"urlTemplate\":\"https:\\\/\\\/www.velektronik.de\\\/?s={search_term_string}\"},\"query-input\":{\"@type\":\"PropertyValueSpecification\",\"valueRequired\":true,\"valueName\":\"search_term_string\"}}],\"inLanguage\":\"en-GB\"},{\"@type\":\"Organization\",\"@id\":\"https:\\\/\\\/www.velektronik.de\\\/#organization\",\"name\":\"Velektronik\",\"url\":\"https:\\\/\\\/www.velektronik.de\\\/\",\"logo\":{\"@type\":\"ImageObject\",\"inLanguage\":\"en-GB\",\"@id\":\"https:\\\/\\\/www.velektronik.de\\\/#\\\/schema\\\/logo\\\/image\\\/\",\"url\":\"https:\\\/\\\/www.velektronik.de\\\/wp-content\\\/uploads\\\/2021\\\/03\\\/velektronik_logo_rgb.png\",\"contentUrl\":\"https:\\\/\\\/www.velektronik.de\\\/wp-content\\\/uploads\\\/2021\\\/03\\\/velektronik_logo_rgb.png\",\"width\":1000,\"height\":284,\"caption\":\"Velektronik\"},\"image\":{\"@id\":\"https:\\\/\\\/www.velektronik.de\\\/#\\\/schema\\\/logo\\\/image\\\/\"}}]}<\/script>\n<!-- \/ Yoast SEO plugin. -->","yoast_head_json":{"title":"Manufacturing","description":"Find out more about current research topics in the production of trustworthy electronics and approaches ensuring security in microelectronics production!","robots":{"index":"index","follow":"follow","max-snippet":"max-snippet:-1","max-image-preview":"max-image-preview:large","max-video-preview":"max-video-preview:-1"},"canonical":"https:\/\/www.velektronik.de\/en\/velektronik-fertigung\/","og_locale":"en_GB","og_type":"article","og_title":"Fertigung","og_description":"Aktuelle Forschungsthemen in der Fertigung von vertrauensw\u00fcrdiger Elektronik und innovative Ans\u00e4tze f\u00fcr Sicherheit in der Mikroelektronikproduktion.","og_url":"https:\/\/www.velektronik.de\/en\/velektronik-fertigung\/","og_site_name":"Velektronik","article_modified_time":"2024-06-26T11:57:29+00:00","og_image":[{"url":"https:\/\/www.velektronik.de\/wp-content\/uploads\/2023\/06\/velektronik-fertigung-fmd-698x486.jpg","type":"","width":"","height":""}],"twitter_card":"summary_large_image","twitter_misc":{"Estimated reading time":"1 minute"},"schema":{"@context":"https:\/\/schema.org","@graph":[{"@type":"WebPage","@id":"https:\/\/www.velektronik.de\/velektronik-fertigung\/","url":"https:\/\/www.velektronik.de\/velektronik-fertigung\/","name":"Manufacturing","isPartOf":{"@id":"https:\/\/www.velektronik.de\/#website"},"primaryImageOfPage":{"@id":"https:\/\/www.velektronik.de\/velektronik-fertigung\/#primaryimage"},"image":{"@id":"https:\/\/www.velektronik.de\/velektronik-fertigung\/#primaryimage"},"thumbnailUrl":"https:\/\/www.velektronik.de\/wp-content\/uploads\/2023\/06\/velektronik-fertigung-fmd-698x486.jpg","datePublished":"2023-03-21T12:06:32+00:00","dateModified":"2024-06-26T11:57:29+00:00","description":"Find out more about current research topics in the production of trustworthy electronics and approaches ensuring security in microelectronics production!","breadcrumb":{"@id":"https:\/\/www.velektronik.de\/velektronik-fertigung\/#breadcrumb"},"inLanguage":"en-GB","potentialAction":[{"@type":"ReadAction","target":["https:\/\/www.velektronik.de\/velektronik-fertigung\/"]}]},{"@type":"ImageObject","inLanguage":"en-GB","@id":"https:\/\/www.velektronik.de\/velektronik-fertigung\/#primaryimage","url":"https:\/\/www.velektronik.de\/wp-content\/uploads\/2023\/06\/velektronik-fertigung-fmd-698x486.jpg","contentUrl":"https:\/\/www.velektronik.de\/wp-content\/uploads\/2023\/06\/velektronik-fertigung-fmd-698x486.jpg"},{"@type":"BreadcrumbList","@id":"https:\/\/www.velektronik.de\/velektronik-fertigung\/#breadcrumb","itemListElement":[{"@type":"ListItem","position":1,"name":"Startseite","item":"https:\/\/www.velektronik.de\/"},{"@type":"ListItem","position":2,"name":"Fertigung"}]},{"@type":"WebSite","@id":"https:\/\/www.velektronik.de\/#website","url":"https:\/\/www.velektronik.de\/","name":"Velektronik","description":"Trusted Electronics","publisher":{"@id":"https:\/\/www.velektronik.de\/#organization"},"potentialAction":[{"@type":"SearchAction","target":{"@type":"EntryPoint","urlTemplate":"https:\/\/www.velektronik.de\/?s={search_term_string}"},"query-input":{"@type":"PropertyValueSpecification","valueRequired":true,"valueName":"search_term_string"}}],"inLanguage":"en-GB"},{"@type":"Organization","@id":"https:\/\/www.velektronik.de\/#organization","name":"Velektronik","url":"https:\/\/www.velektronik.de\/","logo":{"@type":"ImageObject","inLanguage":"en-GB","@id":"https:\/\/www.velektronik.de\/#\/schema\/logo\/image\/","url":"https:\/\/www.velektronik.de\/wp-content\/uploads\/2021\/03\/velektronik_logo_rgb.png","contentUrl":"https:\/\/www.velektronik.de\/wp-content\/uploads\/2021\/03\/velektronik_logo_rgb.png","width":1000,"height":284,"caption":"Velektronik"},"image":{"@id":"https:\/\/www.velektronik.de\/#\/schema\/logo\/image\/"}}]}},"_links":{"self":[{"href":"https:\/\/www.velektronik.de\/en\/wp-json\/wp\/v2\/pages\/7282","targetHints":{"allow":["GET"]}}],"collection":[{"href":"https:\/\/www.velektronik.de\/en\/wp-json\/wp\/v2\/pages"}],"about":[{"href":"https:\/\/www.velektronik.de\/en\/wp-json\/wp\/v2\/types\/page"}],"author":[{"embeddable":true,"href":"https:\/\/www.velektronik.de\/en\/wp-json\/wp\/v2\/users\/10"}],"replies":[{"embeddable":true,"href":"https:\/\/www.velektronik.de\/en\/wp-json\/wp\/v2\/comments?post=7282"}],"version-history":[{"count":17,"href":"https:\/\/www.velektronik.de\/en\/wp-json\/wp\/v2\/pages\/7282\/revisions"}],"predecessor-version":[{"id":7915,"href":"https:\/\/www.velektronik.de\/en\/wp-json\/wp\/v2\/pages\/7282\/revisions\/7915"}],"wp:attachment":[{"href":"https:\/\/www.velektronik.de\/en\/wp-json\/wp\/v2\/media?parent=7282"}],"curies":[{"name":"wp","href":"https:\/\/api.w.org\/{rel}","templated":true}]}}