{"id":7,"date":"2021-03-04T10:27:19","date_gmt":"2021-03-04T09:27:19","guid":{"rendered":"https:\/\/websites.fraunhofer.de\/v-elektronik\/?page_id=7"},"modified":"2024-11-12T15:30:01","modified_gmt":"2024-11-12T14:30:01","slug":"ueber-velektronik","status":"publish","type":"page","link":"https:\/\/www.velektronik.de\/en\/ueber-velektronik\/","title":{"rendered":"Das Projekt Velektronik"},"content":{"rendered":"<h2 class=\"wp-block-heading\"><\/h2>\n\n\n\n<figure class=\"wp-block-embed is-type-video is-provider-youtube wp-block-embed-youtube wp-embed-aspect-16-9 wp-has-aspect-ratio\"><div class=\"wp-block-embed__wrapper\">\n<div class=\"embed-responsive embed-responsive-16by9\"><iframe title=\"Velektronik \u2212 die Plattform f\u00fcr vertrauensw\u00fcrdige Elektronik\" src=\"https:\/\/www.youtube.com\/embed\/1_QaQ76Hmcc?feature=oembed\" frameborder=\"0\" allow=\"accelerometer; autoplay; clipboard-write; encrypted-media; gyroscope; picture-in-picture; web-share\" referrerpolicy=\"strict-origin-when-cross-origin\" allowfullscreen><\/iframe><\/div>\n<\/div><\/figure>\n\n\n\n<div style=\"height:20px\" aria-hidden=\"true\" class=\"wp-block-spacer\"><\/div>\n\n\n\n<h2 class=\"wp-block-heading\">About Velektronik<\/h2>\n\n\n\n<p>The aim of the Velektronik project is to create a platform for the topic of \"trustworthy electronics\". In the process, overarching issues in the three pillars of design, production and analysis of the microelectronics value chain are being addressed. For example, research will be conducted into trustworthy design methods, analysis procedures and approaches for particularly trustworthy manufacturing processes for small series. The envisaged platform will focus on the technological overview, contributions to the necessary standardisation, the network of research and industry as well as the ultimate know-how in order to provide concrete answers with solution concepts to the increasing demand for higher trustworthiness in electronics. A strong practical orientation is ensured via an industry advisory board, so that a strong industrial relevance and acceptance are guaranteed for the work.<\/p>\n\n\n\n<p>If successful, technological sovereignty over trustworthy electronics for German industry and the public sector will be improved by a significant step. The indirect goal of the project is to effectively support companies and ensure the supply of trustworthy electronics.<\/p>\n\n\n\n<div class=\"wp-block-buttons is-content-justification-center is-layout-flex wp-container-core-buttons-is-layout-16018d1d wp-block-buttons-is-layout-flex\">\n<div class=\"wp-block-button\"><a class=\"wp-block-button__link has-background wp-element-button\" href=\"https:\/\/www.velektronik.de\/en\/kontakt\/\" style=\"background-color:#009374\" target=\"_blank\" rel=\"noreferrer noopener\">Contact us<\/a><\/div>\n\n\n\n<div class=\"wp-block-button\"><a class=\"wp-block-button__link has-background wp-element-button\" href=\"https:\/\/solid.iis.fraunhofer.de\/SCS-DS-IoT\/public\/2024\/welektronik\/map.html\" style=\"background-color:#009374\" target=\"_blank\" rel=\"noreferrer noopener\">Velektronik Landkarte<\/a><\/div>\n<\/div>\n\n\n\n<div style=\"height:20px\" aria-hidden=\"true\" class=\"wp-block-spacer\"><\/div>\n\n\n\n<h3 class=\"wp-block-heading\">Visit our 3D showroom - experience Velektronik virtually:<\/h3>\n\n\n\n<div style=\"height:19px\" aria-hidden=\"true\" class=\"wp-block-spacer\"><\/div>\n\n\n\n<figure class=\"wp-block-image size-full\"><a href=\"https:\/\/newsletter.fraunhofer.de\/-link2\/19530\/739\/75\/391\/1501\/vz5ZTK6p\/dZGb1bEaRn\/0\" target=\"_blank\" rel=\"noreferrer noopener\"><img loading=\"lazy\" decoding=\"async\" width=\"1080\" height=\"608\" src=\"https:\/\/www.velektronik.de\/wp-content\/uploads\/2023\/01\/velektronik-fmd-showroom.jpg\" alt=\"\" class=\"wp-image-6560\" srcset=\"https:\/\/www.velektronik.de\/wp-content\/uploads\/2023\/01\/velektronik-fmd-showroom.jpg 1080w, https:\/\/www.velektronik.de\/wp-content\/uploads\/2023\/01\/velektronik-fmd-showroom-400x225.jpg 400w, https:\/\/www.velektronik.de\/wp-content\/uploads\/2023\/01\/velektronik-fmd-showroom-698x393.jpg 698w, https:\/\/www.velektronik.de\/wp-content\/uploads\/2023\/01\/velektronik-fmd-showroom-768x432.jpg 768w, https:\/\/www.velektronik.de\/wp-content\/uploads\/2023\/01\/velektronik-fmd-showroom-18x10.jpg 18w\" sizes=\"auto, (max-width: 1080px) 100vw, 1080px\" \/><\/a><\/figure>\n\n\n\n<hr class=\"wp-block-separator has-css-opacity\"\/>\n\n\n\n<div class=\"wp-block-columns is-layout-flex wp-container-core-columns-is-layout-9d6595d7 wp-block-columns-is-layout-flex\">\n<div class=\"wp-block-column is-vertically-aligned-center is-layout-flow wp-block-column-is-layout-flow\" style=\"flex-basis:25%\">\n<figure class=\"wp-block-image size-full\"><a href=\"https:\/\/www.fraunhofer.de\/en\/institutes\/cooperation\/research-fab-microelectronics-germany.html\" target=\"_blank\" rel=\"noreferrer noopener\"><img loading=\"lazy\" decoding=\"async\" width=\"1440\" height=\"633\" src=\"https:\/\/www.velektronik.de\/wp-content\/uploads\/2023\/02\/fmd-logo.1440.1920.png\" alt=\"\" class=\"wp-image-7161\" srcset=\"https:\/\/www.velektronik.de\/wp-content\/uploads\/2023\/02\/fmd-logo.1440.1920.png 1440w, https:\/\/www.velektronik.de\/wp-content\/uploads\/2023\/02\/fmd-logo.1440.1920-400x176.png 400w, https:\/\/www.velektronik.de\/wp-content\/uploads\/2023\/02\/fmd-logo.1440.1920-698x307.png 698w, https:\/\/www.velektronik.de\/wp-content\/uploads\/2023\/02\/fmd-logo.1440.1920-768x338.png 768w, https:\/\/www.velektronik.de\/wp-content\/uploads\/2023\/02\/fmd-logo.1440.1920-18x8.png 18w\" sizes=\"auto, (max-width: 1440px) 100vw, 1440px\" \/><\/a><\/figure>\n<\/div>\n\n\n\n<div class=\"wp-block-column is-vertically-aligned-center is-layout-flow wp-block-column-is-layout-flow\" style=\"flex-basis:25%\">\n<figure class=\"wp-block-image size-large\"><a href=\"https:\/\/www.fraunhofer.de\/\" target=\"_blank\" rel=\"noreferrer noopener\"><img loading=\"lazy\" decoding=\"async\" width=\"698\" height=\"195\" src=\"https:\/\/www.velektronik.de\/wp-content\/uploads\/2023\/01\/fhg-698x195.png\" alt=\"\" class=\"wp-image-6303\" srcset=\"https:\/\/www.velektronik.de\/wp-content\/uploads\/2023\/01\/fhg-698x195.png 698w, https:\/\/www.velektronik.de\/wp-content\/uploads\/2023\/01\/fhg-400x112.png 400w, https:\/\/www.velektronik.de\/wp-content\/uploads\/2023\/01\/fhg-768x214.png 768w, https:\/\/www.velektronik.de\/wp-content\/uploads\/2023\/01\/fhg-18x5.png 18w, https:\/\/www.velektronik.de\/wp-content\/uploads\/2023\/01\/fhg.png 1075w\" sizes=\"auto, (max-width: 698px) 100vw, 698px\" \/><\/a><\/figure>\n<\/div>\n\n\n\n<div class=\"wp-block-column is-layout-flow wp-block-column-is-layout-flow\" style=\"flex-basis:25%\">\n<figure class=\"wp-block-image size-full\"><a href=\"https:\/\/www.edacentrum.de\/\" target=\"_blank\" rel=\"noreferrer noopener\"><img loading=\"lazy\" decoding=\"async\" width=\"310\" height=\"215\" src=\"https:\/\/www.velektronik.de\/wp-content\/uploads\/2021\/03\/edacentrum.png\" alt=\"\" class=\"wp-image-88\"\/><\/a><\/figure>\n<\/div>\n\n\n\n<div class=\"wp-block-column is-vertically-aligned-center is-layout-flow wp-block-column-is-layout-flow\" style=\"flex-basis:25%\"><div class=\"wp-block-image\">\n<figure class=\"alignleft size-medium is-resized\"><a href=\"https:\/\/www.elektronikforschung.de\/vertrauenswuerdigkeit\/velektronik\"><img loading=\"lazy\" decoding=\"async\" width=\"400\" height=\"283\" src=\"https:\/\/www.velektronik.de\/wp-content\/uploads\/2021\/03\/BMBF-gefoerdert-deutsch-web-400x283.jpg\" alt=\"BMBF Logo\" class=\"wp-image-71\" style=\"width:200px;height:142px\" srcset=\"https:\/\/www.velektronik.de\/wp-content\/uploads\/2021\/03\/BMBF-gefoerdert-deutsch-web-400x283.jpg 400w, https:\/\/www.velektronik.de\/wp-content\/uploads\/2021\/03\/BMBF-gefoerdert-deutsch-web.jpg 640w\" sizes=\"auto, (max-width: 400px) 100vw, 400px\" \/><\/a><\/figure>\n<\/div><\/div>\n<\/div>","protected":false},"excerpt":{"rendered":"<p>\u00dcber Velektronik Ziel des Projektes Velektronik ist es, eine Plattform f\u00fcr das Thema &#8220;vertrauensw\u00fcrdige Elektronik&#8221; zu schaffen. Dabei werden \u00fcbergreifende Fragestellungen in den drei S\u00e4ulen, Design, Fertigung und Analyse der Mikroelektronik-Wertsch\u00f6pfungskette bearbeitet. Erforscht werden daf\u00fcr beispielsweise vertrauensw\u00fcrdige Entwurfsmethoden, Analyseverfahren und&#8230;<\/p>","protected":false},"author":1,"featured_media":0,"parent":0,"menu_order":0,"comment_status":"closed","ping_status":"closed","template":"page-fullwidth.php","meta":{"_acf_changed":false,"footnotes":""},"class_list":["post-7","page","type-page","status-publish","hentry"],"acf":[],"yoast_head":"<!-- This site is optimized with the Yoast SEO plugin v27.5 - https:\/\/yoast.com\/product\/yoast-seo-wordpress\/ -->\n<title>Velektronik<\/title>\n<meta name=\"description\" content=\"Plattform f\u00fcr vertrauensw\u00fcrdige Elektronik, die Design, Fertigung und Analyse der Mikroelektronik-Wertsch\u00f6pfungskette verbessert.\" \/>\n<meta name=\"robots\" content=\"index, follow, max-snippet:-1, max-image-preview:large, max-video-preview:-1\" \/>\n<link rel=\"canonical\" href=\"https:\/\/www.velektronik.de\/en\/ueber-velektronik\/\" \/>\n<meta property=\"og:locale\" content=\"en_GB\" \/>\n<meta property=\"og:type\" content=\"article\" \/>\n<meta property=\"og:title\" content=\"Velektronik\" \/>\n<meta property=\"og:description\" content=\"Plattform f\u00fcr vertrauensw\u00fcrdige Elektronik, die Design, Fertigung und Analyse der Mikroelektronik-Wertsch\u00f6pfungskette verbessert.\" \/>\n<meta property=\"og:url\" content=\"https:\/\/www.velektronik.de\/en\/ueber-velektronik\/\" \/>\n<meta property=\"og:site_name\" content=\"Velektronik\" \/>\n<meta property=\"article:modified_time\" content=\"2024-11-12T14:30:01+00:00\" \/>\n<meta property=\"og:image\" content=\"https:\/\/www.velektronik.de\/wp-content\/uploads\/2023\/01\/velektronik-fmd-showroom.jpg\" \/>\n\t<meta property=\"og:image:width\" content=\"1080\" \/>\n\t<meta property=\"og:image:height\" content=\"608\" \/>\n\t<meta property=\"og:image:type\" content=\"image\/jpeg\" \/>\n<meta name=\"twitter:card\" content=\"summary_large_image\" \/>\n<script type=\"application\/ld+json\" class=\"yoast-schema-graph\">{\"@context\":\"https:\\\/\\\/schema.org\",\"@graph\":[{\"@type\":\"WebPage\",\"@id\":\"https:\\\/\\\/www.velektronik.de\\\/ueber-velektronik\\\/\",\"url\":\"https:\\\/\\\/www.velektronik.de\\\/ueber-velektronik\\\/\",\"name\":\"Velektronik\",\"isPartOf\":{\"@id\":\"https:\\\/\\\/www.velektronik.de\\\/#website\"},\"primaryImageOfPage\":{\"@id\":\"https:\\\/\\\/www.velektronik.de\\\/ueber-velektronik\\\/#primaryimage\"},\"image\":{\"@id\":\"https:\\\/\\\/www.velektronik.de\\\/ueber-velektronik\\\/#primaryimage\"},\"thumbnailUrl\":\"https:\\\/\\\/www.velektronik.de\\\/wp-content\\\/uploads\\\/2023\\\/01\\\/velektronik-fmd-showroom.jpg\",\"datePublished\":\"2021-03-04T09:27:19+00:00\",\"dateModified\":\"2024-11-12T14:30:01+00:00\",\"description\":\"Plattform f\u00fcr vertrauensw\u00fcrdige Elektronik, die Design, Fertigung und Analyse der Mikroelektronik-Wertsch\u00f6pfungskette verbessert.\",\"breadcrumb\":{\"@id\":\"https:\\\/\\\/www.velektronik.de\\\/ueber-velektronik\\\/#breadcrumb\"},\"inLanguage\":\"en-GB\",\"potentialAction\":[{\"@type\":\"ReadAction\",\"target\":[\"https:\\\/\\\/www.velektronik.de\\\/ueber-velektronik\\\/\"]}]},{\"@type\":\"ImageObject\",\"inLanguage\":\"en-GB\",\"@id\":\"https:\\\/\\\/www.velektronik.de\\\/ueber-velektronik\\\/#primaryimage\",\"url\":\"https:\\\/\\\/www.velektronik.de\\\/wp-content\\\/uploads\\\/2023\\\/01\\\/velektronik-fmd-showroom.jpg\",\"contentUrl\":\"https:\\\/\\\/www.velektronik.de\\\/wp-content\\\/uploads\\\/2023\\\/01\\\/velektronik-fmd-showroom.jpg\"},{\"@type\":\"BreadcrumbList\",\"@id\":\"https:\\\/\\\/www.velektronik.de\\\/ueber-velektronik\\\/#breadcrumb\",\"itemListElement\":[{\"@type\":\"ListItem\",\"position\":1,\"name\":\"Startseite\",\"item\":\"https:\\\/\\\/www.velektronik.de\\\/\"},{\"@type\":\"ListItem\",\"position\":2,\"name\":\"Das Projekt Velektronik\"}]},{\"@type\":\"WebSite\",\"@id\":\"https:\\\/\\\/www.velektronik.de\\\/#website\",\"url\":\"https:\\\/\\\/www.velektronik.de\\\/\",\"name\":\"Velektronik\",\"description\":\"Vertrauensw\u00fcrdige Elektronik\",\"publisher\":{\"@id\":\"https:\\\/\\\/www.velektronik.de\\\/#organization\"},\"potentialAction\":[{\"@type\":\"SearchAction\",\"target\":{\"@type\":\"EntryPoint\",\"urlTemplate\":\"https:\\\/\\\/www.velektronik.de\\\/?s={search_term_string}\"},\"query-input\":{\"@type\":\"PropertyValueSpecification\",\"valueRequired\":true,\"valueName\":\"search_term_string\"}}],\"inLanguage\":\"en-GB\"},{\"@type\":\"Organization\",\"@id\":\"https:\\\/\\\/www.velektronik.de\\\/#organization\",\"name\":\"Velektronik\",\"url\":\"https:\\\/\\\/www.velektronik.de\\\/\",\"logo\":{\"@type\":\"ImageObject\",\"inLanguage\":\"en-GB\",\"@id\":\"https:\\\/\\\/www.velektronik.de\\\/#\\\/schema\\\/logo\\\/image\\\/\",\"url\":\"https:\\\/\\\/www.velektronik.de\\\/wp-content\\\/uploads\\\/2021\\\/03\\\/velektronik_logo_rgb.png\",\"contentUrl\":\"https:\\\/\\\/www.velektronik.de\\\/wp-content\\\/uploads\\\/2021\\\/03\\\/velektronik_logo_rgb.png\",\"width\":1000,\"height\":284,\"caption\":\"Velektronik\"},\"image\":{\"@id\":\"https:\\\/\\\/www.velektronik.de\\\/#\\\/schema\\\/logo\\\/image\\\/\"}}]}<\/script>\n<!-- \/ Yoast SEO plugin. -->","yoast_head_json":{"title":"Velektronik","description":"Platform for trustworthy electronics improves the design, manufacturing and analysis of microelectronics value chain. Learn more now!","robots":{"index":"index","follow":"follow","max-snippet":"max-snippet:-1","max-image-preview":"max-image-preview:large","max-video-preview":"max-video-preview:-1"},"canonical":"https:\/\/www.velektronik.de\/en\/ueber-velektronik\/","og_locale":"en_GB","og_type":"article","og_title":"Velektronik","og_description":"Plattform f\u00fcr vertrauensw\u00fcrdige Elektronik, die Design, Fertigung und Analyse der Mikroelektronik-Wertsch\u00f6pfungskette verbessert.","og_url":"https:\/\/www.velektronik.de\/en\/ueber-velektronik\/","og_site_name":"Velektronik","article_modified_time":"2024-11-12T14:30:01+00:00","og_image":[{"width":1080,"height":608,"url":"https:\/\/www.velektronik.de\/wp-content\/uploads\/2023\/01\/velektronik-fmd-showroom.jpg","type":"image\/jpeg"}],"twitter_card":"summary_large_image","schema":{"@context":"https:\/\/schema.org","@graph":[{"@type":"WebPage","@id":"https:\/\/www.velektronik.de\/ueber-velektronik\/","url":"https:\/\/www.velektronik.de\/ueber-velektronik\/","name":"Velektronik","isPartOf":{"@id":"https:\/\/www.velektronik.de\/#website"},"primaryImageOfPage":{"@id":"https:\/\/www.velektronik.de\/ueber-velektronik\/#primaryimage"},"image":{"@id":"https:\/\/www.velektronik.de\/ueber-velektronik\/#primaryimage"},"thumbnailUrl":"https:\/\/www.velektronik.de\/wp-content\/uploads\/2023\/01\/velektronik-fmd-showroom.jpg","datePublished":"2021-03-04T09:27:19+00:00","dateModified":"2024-11-12T14:30:01+00:00","description":"Platform for trustworthy electronics improves the design, manufacturing and analysis of microelectronics value chain. Learn more now!","breadcrumb":{"@id":"https:\/\/www.velektronik.de\/ueber-velektronik\/#breadcrumb"},"inLanguage":"en-GB","potentialAction":[{"@type":"ReadAction","target":["https:\/\/www.velektronik.de\/ueber-velektronik\/"]}]},{"@type":"ImageObject","inLanguage":"en-GB","@id":"https:\/\/www.velektronik.de\/ueber-velektronik\/#primaryimage","url":"https:\/\/www.velektronik.de\/wp-content\/uploads\/2023\/01\/velektronik-fmd-showroom.jpg","contentUrl":"https:\/\/www.velektronik.de\/wp-content\/uploads\/2023\/01\/velektronik-fmd-showroom.jpg"},{"@type":"BreadcrumbList","@id":"https:\/\/www.velektronik.de\/ueber-velektronik\/#breadcrumb","itemListElement":[{"@type":"ListItem","position":1,"name":"Startseite","item":"https:\/\/www.velektronik.de\/"},{"@type":"ListItem","position":2,"name":"Das Projekt Velektronik"}]},{"@type":"WebSite","@id":"https:\/\/www.velektronik.de\/#website","url":"https:\/\/www.velektronik.de\/","name":"Velektronik","description":"Trusted Electronics","publisher":{"@id":"https:\/\/www.velektronik.de\/#organization"},"potentialAction":[{"@type":"SearchAction","target":{"@type":"EntryPoint","urlTemplate":"https:\/\/www.velektronik.de\/?s={search_term_string}"},"query-input":{"@type":"PropertyValueSpecification","valueRequired":true,"valueName":"search_term_string"}}],"inLanguage":"en-GB"},{"@type":"Organization","@id":"https:\/\/www.velektronik.de\/#organization","name":"Velektronik","url":"https:\/\/www.velektronik.de\/","logo":{"@type":"ImageObject","inLanguage":"en-GB","@id":"https:\/\/www.velektronik.de\/#\/schema\/logo\/image\/","url":"https:\/\/www.velektronik.de\/wp-content\/uploads\/2021\/03\/velektronik_logo_rgb.png","contentUrl":"https:\/\/www.velektronik.de\/wp-content\/uploads\/2021\/03\/velektronik_logo_rgb.png","width":1000,"height":284,"caption":"Velektronik"},"image":{"@id":"https:\/\/www.velektronik.de\/#\/schema\/logo\/image\/"}}]}},"_links":{"self":[{"href":"https:\/\/www.velektronik.de\/en\/wp-json\/wp\/v2\/pages\/7","targetHints":{"allow":["GET"]}}],"collection":[{"href":"https:\/\/www.velektronik.de\/en\/wp-json\/wp\/v2\/pages"}],"about":[{"href":"https:\/\/www.velektronik.de\/en\/wp-json\/wp\/v2\/types\/page"}],"author":[{"embeddable":true,"href":"https:\/\/www.velektronik.de\/en\/wp-json\/wp\/v2\/users\/1"}],"replies":[{"embeddable":true,"href":"https:\/\/www.velektronik.de\/en\/wp-json\/wp\/v2\/comments?post=7"}],"version-history":[{"count":33,"href":"https:\/\/www.velektronik.de\/en\/wp-json\/wp\/v2\/pages\/7\/revisions"}],"predecessor-version":[{"id":9818,"href":"https:\/\/www.velektronik.de\/en\/wp-json\/wp\/v2\/pages\/7\/revisions\/9818"}],"wp:attachment":[{"href":"https:\/\/www.velektronik.de\/en\/wp-json\/wp\/v2\/media?parent=7"}],"curies":[{"name":"wp","href":"https:\/\/api.w.org\/{rel}","templated":true}]}}