{"id":58,"date":"2021-03-04T15:22:41","date_gmt":"2021-03-04T14:22:41","guid":{"rendered":"https:\/\/websites.fraunhofer.de\/v-elektronik\/?page_id=58"},"modified":"2025-02-17T10:09:39","modified_gmt":"2025-02-17T09:09:39","slug":"impressum","status":"publish","type":"page","link":"https:\/\/www.velektronik.de\/en\/impressum\/","title":{"rendered":"Imprint"},"content":{"rendered":"<p><\/p>\n\n\n\n<p>Fraunhofer Group for Microelectronics<br>Anna-Louisa-Karsch-Str. 2<br>10178 Berlin<br>Internet&nbsp;<a class=\"\" href=\"https:\/\/www.mikroelektronik.fraunhofer.de\/en.html\">www.mikroelektronik.fraunhofer.de\/en<\/a><br>E-Mail info@mikroelektronik.fraunhofer.de<br><\/p>\n\n\n\n<p>is a constituent entity of the Fraunhofer-Gesellschaft, and as such has no separate legal status.<br><br>Fraunhofer-Gesellschaft<br>zur F\u00f6rderung der angewandten Forschung e.V.<br>Hansastra\u00dfe 27 c<br>80686 M\u00fcnchen<br><a href=\"https:\/\/www.fraunhofer.de\/en.html\" class=\"\">www.fraunhofer.de<\/a><br><\/p>\n\n\n\n<p><h4>Responsible editor:<\/h4>\nJ\u00f6rg Stephan<br><h4>VAT Identification Number<\/h4>\nin accordance with \u00a727 a VAT Tax Act: DE 129515865<br><\/p>\n\n\n\n<h4 class=\"wp-block-heading\">Court of jurisdiction<\/h4>\n\n\n\n<p>Amtsgericht M\u00fcnchen (district court)<br>Registered nonprofit association<br>Registration no. VR 4461<br><\/p>\n\n\n\n<h4 class=\"wp-block-heading\">Responsible editor:<\/h4>\n\n\n\n<p>J\u00f6rg Stephan (IT)<br>joerg.stephan@mikroelektronik.fraunhofer.de<br>Telefon +49 30 4005591-30<br><\/p>\n\n\n\n<h4 class=\"wp-block-heading\">Executive Board<\/h4>\n\n\n\n<p>Prof. Holger Hanselka | President<br>Prof. Constantin H\u00e4fner | Member of the executive board<br>Prof. Axel M\u00fcller-Groeling | Member of the executive board<br>Elisabeth Ewen | Member of the executive board<br>Dr. Sandra Krey | Member of the executive board<\/p>\n\n\n\n<h4 class=\"wp-block-heading\">User Rights<\/h4>\n\n\n\n<p>Copyright \u00a9 by <br>\nFraunhofer-Gesellschaft<br>\nHansastrasse 27c<br>\n80686 Munich, Germany<br>Fraunhofer-Gesellschaft<\/p>\n\n\n\n<p>All rights reserved.<br>All copyright for this Web site is owned in full by the Fraunhofer-Gesellschaft.<br><\/p>\n\n\n\n<p>Permission is granted to download or print material published on this site for personal use only. Its use for any other purpose, and in particular its commercial use or distribution, are strictly forbidden in the absence of prior written approval. Please address your requests for approval to:<br><br>\nFraunhofer Group for Microelectronics<br>\nJ\u00f6rg Stephan<br>\nAnna-Louisa-Karsch-Str. 2<br>\n10178 Berlin<br>\nGermany<\/p>\n\n\n\n<p>Notwithstanding this requirement, material may be downloaded or printed for use in connection with press reports on the activities of the Fraunhofer-Gesellschaft and its constituent institutes, on condition that the following terms are complied with:<br>\n<br>\nNo alterations may be made to pictorial content, with the exception of framing modifications to emphasize the central motif. The source must be quoted and two free reference copies must be sent to the above-mentioned address. Such usage is free of charge.<\/p>\n\n\n\n<h4 class=\"wp-block-heading\">Disclaimer<\/h4>\n\n\n\n<p>We cannot assume any liability for the content of external pages. Solely the operators of those linked pages are responsible for their content.<\/p>\n\n\n\n<p>We make every reasonable effort to ensure that the content of this Web site is kept up to date, and that it is accurate and complete. Nevertheless, the possibility of errors cannot be entirely ruled out. We do not give any warranty in respect of the timeliness, accuracy or completeness of material published on this Web site, and disclaim all liability for (material or non-material) loss or damage incurred by third parties arising from the use of content obtained from the Web site.<\/p>\n\n\n\n<p>Registered trademarks and proprietary names, and copyrighted text and images, are not generally indicated as such on our Web pages. But the absence of such indications in no way implies that these names, images or text belong to the public domain in the context of trademark or copyright law.<\/p>","protected":false},"excerpt":{"rendered":"<p>Fraunhofer-Verbund MikroelektronikAnna-Louisa-Karsch-Str. 210178 BerlinInternet&nbsp;www.mikroelektronik.fraunhofer.deE-Mail info@mikroelektronik.fraunhofer.de ist eine rechtlich nicht selbst\u00e4ndige Einrichtung derFraunhofer-Gesellschaftzur F\u00f6rderung der angewandten Forschung e.V.Hansastra\u00dfe 27 c80686 M\u00fcnchenwww.fraunhofer.de Umsatzsteuer-Identifikationsnummer gem\u00e4\u00df \u00a7 27 aUmsatzsteuergesetz: DE 129515865 Registergericht Amtsgericht M\u00fcnchenEingetragener VereinRegister-Nr. VR 4461 Verantwortliche Redakteure J\u00f6rg Stephan (IT)joerg.stephan@mikroelektronik.fraunhofer.deTelefon +49 30&#8230;<\/p>","protected":false},"author":1,"featured_media":0,"parent":0,"menu_order":0,"comment_status":"closed","ping_status":"closed","template":"page-fullwidth.php","meta":{"_acf_changed":false,"footnotes":""},"class_list":["post-58","page","type-page","status-publish","hentry"],"acf":[],"yoast_head":"<!-- This site is optimized with the Yoast SEO plugin v27.3 - https:\/\/yoast.com\/product\/yoast-seo-wordpress\/ -->\n<title>Impressum<\/title>\n<meta name=\"description\" content=\"Besuchen Sie unser Impressum f\u00fcr rechtliche Hinweise, Kontaktinformationen und Angaben zum Anbieter der Velektronik Website.\" \/>\n<meta name=\"robots\" content=\"index, follow, max-snippet:-1, max-image-preview:large, max-video-preview:-1\" \/>\n<link rel=\"canonical\" href=\"https:\/\/www.velektronik.de\/en\/impressum\/\" \/>\n<meta property=\"og:locale\" content=\"en_GB\" \/>\n<meta property=\"og:type\" content=\"article\" \/>\n<meta property=\"og:title\" content=\"Impressum\" \/>\n<meta property=\"og:description\" content=\"Besuchen Sie unser Impressum f\u00fcr rechtliche Hinweise, Kontaktinformationen und Angaben zum Anbieter der Velektronik Website.\" \/>\n<meta property=\"og:url\" content=\"https:\/\/www.velektronik.de\/en\/impressum\/\" \/>\n<meta property=\"og:site_name\" content=\"Velektronik\" \/>\n<meta property=\"article:modified_time\" content=\"2025-02-17T09:09:39+00:00\" \/>\n<meta name=\"twitter:card\" content=\"summary_large_image\" \/>\n<meta name=\"twitter:label1\" content=\"Estimated reading time\" \/>\n\t<meta name=\"twitter:data1\" content=\"2 minutes\" \/>\n<script type=\"application\/ld+json\" class=\"yoast-schema-graph\">{\"@context\":\"https:\\\/\\\/schema.org\",\"@graph\":[{\"@type\":\"WebPage\",\"@id\":\"https:\\\/\\\/www.velektronik.de\\\/impressum\\\/\",\"url\":\"https:\\\/\\\/www.velektronik.de\\\/impressum\\\/\",\"name\":\"Impressum\",\"isPartOf\":{\"@id\":\"https:\\\/\\\/www.velektronik.de\\\/#website\"},\"datePublished\":\"2021-03-04T14:22:41+00:00\",\"dateModified\":\"2025-02-17T09:09:39+00:00\",\"description\":\"Besuchen Sie unser Impressum f\u00fcr rechtliche Hinweise, Kontaktinformationen und Angaben zum Anbieter der Velektronik Website.\",\"breadcrumb\":{\"@id\":\"https:\\\/\\\/www.velektronik.de\\\/impressum\\\/#breadcrumb\"},\"inLanguage\":\"en-GB\",\"potentialAction\":[{\"@type\":\"ReadAction\",\"target\":[\"https:\\\/\\\/www.velektronik.de\\\/impressum\\\/\"]}]},{\"@type\":\"BreadcrumbList\",\"@id\":\"https:\\\/\\\/www.velektronik.de\\\/impressum\\\/#breadcrumb\",\"itemListElement\":[{\"@type\":\"ListItem\",\"position\":1,\"name\":\"Startseite\",\"item\":\"https:\\\/\\\/www.velektronik.de\\\/\"},{\"@type\":\"ListItem\",\"position\":2,\"name\":\"Impressum\"}]},{\"@type\":\"WebSite\",\"@id\":\"https:\\\/\\\/www.velektronik.de\\\/#website\",\"url\":\"https:\\\/\\\/www.velektronik.de\\\/\",\"name\":\"Velektronik\",\"description\":\"Vertrauensw\u00fcrdige Elektronik\",\"publisher\":{\"@id\":\"https:\\\/\\\/www.velektronik.de\\\/#organization\"},\"potentialAction\":[{\"@type\":\"SearchAction\",\"target\":{\"@type\":\"EntryPoint\",\"urlTemplate\":\"https:\\\/\\\/www.velektronik.de\\\/?s={search_term_string}\"},\"query-input\":{\"@type\":\"PropertyValueSpecification\",\"valueRequired\":true,\"valueName\":\"search_term_string\"}}],\"inLanguage\":\"en-GB\"},{\"@type\":\"Organization\",\"@id\":\"https:\\\/\\\/www.velektronik.de\\\/#organization\",\"name\":\"Velektronik\",\"url\":\"https:\\\/\\\/www.velektronik.de\\\/\",\"logo\":{\"@type\":\"ImageObject\",\"inLanguage\":\"en-GB\",\"@id\":\"https:\\\/\\\/www.velektronik.de\\\/#\\\/schema\\\/logo\\\/image\\\/\",\"url\":\"https:\\\/\\\/www.velektronik.de\\\/wp-content\\\/uploads\\\/2021\\\/03\\\/velektronik_logo_rgb.png\",\"contentUrl\":\"https:\\\/\\\/www.velektronik.de\\\/wp-content\\\/uploads\\\/2021\\\/03\\\/velektronik_logo_rgb.png\",\"width\":1000,\"height\":284,\"caption\":\"Velektronik\"},\"image\":{\"@id\":\"https:\\\/\\\/www.velektronik.de\\\/#\\\/schema\\\/logo\\\/image\\\/\"}}]}<\/script>\n<!-- \/ Yoast SEO plugin. -->","yoast_head_json":{"title":"Imprint","description":"Visit our legal notice for legal information, contact information and details of the provider of the Velektronik website.","robots":{"index":"index","follow":"follow","max-snippet":"max-snippet:-1","max-image-preview":"max-image-preview:large","max-video-preview":"max-video-preview:-1"},"canonical":"https:\/\/www.velektronik.de\/en\/impressum\/","og_locale":"en_GB","og_type":"article","og_title":"Impressum","og_description":"Besuchen Sie unser Impressum f\u00fcr rechtliche Hinweise, Kontaktinformationen und Angaben zum Anbieter der Velektronik Website.","og_url":"https:\/\/www.velektronik.de\/en\/impressum\/","og_site_name":"Velektronik","article_modified_time":"2025-02-17T09:09:39+00:00","twitter_card":"summary_large_image","twitter_misc":{"Estimated reading time":"2 minutes"},"schema":{"@context":"https:\/\/schema.org","@graph":[{"@type":"WebPage","@id":"https:\/\/www.velektronik.de\/impressum\/","url":"https:\/\/www.velektronik.de\/impressum\/","name":"Imprint","isPartOf":{"@id":"https:\/\/www.velektronik.de\/#website"},"datePublished":"2021-03-04T14:22:41+00:00","dateModified":"2025-02-17T09:09:39+00:00","description":"Visit our legal notice for legal information, contact information and details of the provider of the Velektronik website.","breadcrumb":{"@id":"https:\/\/www.velektronik.de\/impressum\/#breadcrumb"},"inLanguage":"en-GB","potentialAction":[{"@type":"ReadAction","target":["https:\/\/www.velektronik.de\/impressum\/"]}]},{"@type":"BreadcrumbList","@id":"https:\/\/www.velektronik.de\/impressum\/#breadcrumb","itemListElement":[{"@type":"ListItem","position":1,"name":"Startseite","item":"https:\/\/www.velektronik.de\/"},{"@type":"ListItem","position":2,"name":"Impressum"}]},{"@type":"WebSite","@id":"https:\/\/www.velektronik.de\/#website","url":"https:\/\/www.velektronik.de\/","name":"Velektronik","description":"Trusted Electronics","publisher":{"@id":"https:\/\/www.velektronik.de\/#organization"},"potentialAction":[{"@type":"SearchAction","target":{"@type":"EntryPoint","urlTemplate":"https:\/\/www.velektronik.de\/?s={search_term_string}"},"query-input":{"@type":"PropertyValueSpecification","valueRequired":true,"valueName":"search_term_string"}}],"inLanguage":"en-GB"},{"@type":"Organization","@id":"https:\/\/www.velektronik.de\/#organization","name":"Velektronik","url":"https:\/\/www.velektronik.de\/","logo":{"@type":"ImageObject","inLanguage":"en-GB","@id":"https:\/\/www.velektronik.de\/#\/schema\/logo\/image\/","url":"https:\/\/www.velektronik.de\/wp-content\/uploads\/2021\/03\/velektronik_logo_rgb.png","contentUrl":"https:\/\/www.velektronik.de\/wp-content\/uploads\/2021\/03\/velektronik_logo_rgb.png","width":1000,"height":284,"caption":"Velektronik"},"image":{"@id":"https:\/\/www.velektronik.de\/#\/schema\/logo\/image\/"}}]}},"_links":{"self":[{"href":"https:\/\/www.velektronik.de\/en\/wp-json\/wp\/v2\/pages\/58","targetHints":{"allow":["GET"]}}],"collection":[{"href":"https:\/\/www.velektronik.de\/en\/wp-json\/wp\/v2\/pages"}],"about":[{"href":"https:\/\/www.velektronik.de\/en\/wp-json\/wp\/v2\/types\/page"}],"author":[{"embeddable":true,"href":"https:\/\/www.velektronik.de\/en\/wp-json\/wp\/v2\/users\/1"}],"replies":[{"embeddable":true,"href":"https:\/\/www.velektronik.de\/en\/wp-json\/wp\/v2\/comments?post=58"}],"version-history":[{"count":4,"href":"https:\/\/www.velektronik.de\/en\/wp-json\/wp\/v2\/pages\/58\/revisions"}],"predecessor-version":[{"id":10169,"href":"https:\/\/www.velektronik.de\/en\/wp-json\/wp\/v2\/pages\/58\/revisions\/10169"}],"wp:attachment":[{"href":"https:\/\/www.velektronik.de\/en\/wp-json\/wp\/v2\/media?parent=58"}],"curies":[{"name":"wp","href":"https:\/\/api.w.org\/{rel}","templated":true}]}}